{"id":138,"date":"2025-02-28T19:55:08","date_gmt":"2025-02-28T18:55:08","guid":{"rendered":"https:\/\/actionrapaces.be\/?page_id=138"},"modified":"2025-03-12T19:04:56","modified_gmt":"2025-03-12T18:04:56","slug":"le-refuge","status":"publish","type":"page","link":"https:\/\/actionrapaces.be\/index.php\/le-refuge\/","title":{"rendered":"Le refuge"},"content":{"rendered":"\n<p><strong>Notre pr\u00e9sidente<\/strong>, Emmanuelle<\/p>\n\n\n\n<figure class=\"wp-block-image size-full is-resized\"><img loading=\"lazy\" decoding=\"async\" width=\"600\" height=\"599\" src=\"https:\/\/actionrapaces.be\/wp-content\/uploads\/2025\/02\/Manu.png\" alt=\"\" class=\"wp-image-146\" style=\"width:249px;height:auto\" srcset=\"https:\/\/actionrapaces.be\/wp-content\/uploads\/2025\/02\/Manu.png 600w, https:\/\/actionrapaces.be\/wp-content\/uploads\/2025\/02\/Manu-300x300.png 300w, https:\/\/actionrapaces.be\/wp-content\/uploads\/2025\/02\/Manu-150x150.png 150w, https:\/\/actionrapaces.be\/wp-content\/uploads\/2025\/02\/Manu-180x180.png 180w\" sizes=\"auto, (max-width: 600px) 100vw, 600px\" \/><\/figure>\n\n\n\n<div style=\"height:100px\" aria-hidden=\"true\" class=\"wp-block-spacer\"><\/div>\n\n\n\n<p>Voici une partie de nos<strong> b\u00e9n\u00e9voles<\/strong>.<\/p>\n\n\n\n<figure class=\"wp-block-image size-large\"><img loading=\"lazy\" decoding=\"async\" width=\"1024\" height=\"405\" src=\"https:\/\/actionrapaces.be\/wp-content\/uploads\/2025\/03\/Photo-benevoles-1024x405.jpg\" alt=\"\" class=\"wp-image-162\" srcset=\"https:\/\/actionrapaces.be\/wp-content\/uploads\/2025\/03\/Photo-benevoles-1024x405.jpg 1024w, https:\/\/actionrapaces.be\/wp-content\/uploads\/2025\/03\/Photo-benevoles-300x119.jpg 300w, https:\/\/actionrapaces.be\/wp-content\/uploads\/2025\/03\/Photo-benevoles-768x303.jpg 768w, https:\/\/actionrapaces.be\/wp-content\/uploads\/2025\/03\/Photo-benevoles-1536x607.jpg 1536w, https:\/\/actionrapaces.be\/wp-content\/uploads\/2025\/03\/Photo-benevoles-2048x809.jpg 2048w\" sizes=\"auto, (max-width: 1024px) 100vw, 1024px\" \/><\/figure>\n","protected":false},"excerpt":{"rendered":"<p>Notre pr\u00e9sidente, Emmanuelle Voici une partie de nos b\u00e9n\u00e9voles.<\/p>\n","protected":false},"author":2,"featured_media":0,"parent":0,"menu_order":0,"comment_status":"closed","ping_status":"closed","template":"","meta":{"footnotes":""},"class_list":["post-138","page","type-page","status-publish","hentry","without-featured-image"],"_links":{"self":[{"href":"https:\/\/actionrapaces.be\/index.php\/wp-json\/wp\/v2\/pages\/138","targetHints":{"allow":["GET"]}}],"collection":[{"href":"https:\/\/actionrapaces.be\/index.php\/wp-json\/wp\/v2\/pages"}],"about":[{"href":"https:\/\/actionrapaces.be\/index.php\/wp-json\/wp\/v2\/types\/page"}],"author":[{"embeddable":true,"href":"https:\/\/actionrapaces.be\/index.php\/wp-json\/wp\/v2\/users\/2"}],"replies":[{"embeddable":true,"href":"https:\/\/actionrapaces.be\/index.php\/wp-json\/wp\/v2\/comments?post=138"}],"version-history":[{"count":11,"href":"https:\/\/actionrapaces.be\/index.php\/wp-json\/wp\/v2\/pages\/138\/revisions"}],"predecessor-version":[{"id":167,"href":"https:\/\/actionrapaces.be\/index.php\/wp-json\/wp\/v2\/pages\/138\/revisions\/167"}],"wp:attachment":[{"href":"https:\/\/actionrapaces.be\/index.php\/wp-json\/wp\/v2\/media?parent=138"}],"curies":[{"name":"wp","href":"https:\/\/api.w.org\/{rel}","templated":true}]}}