{"id":2,"date":"2025-02-19T16:57:21","date_gmt":"2025-02-19T15:57:21","guid":{"rendered":"http:\/\/actionrapaces.be\/?page_id=2"},"modified":"2025-03-12T18:38:51","modified_gmt":"2025-03-12T17:38:51","slug":"bienvenue","status":"publish","type":"page","link":"https:\/\/actionrapaces.be\/","title":{"rendered":"Accueil"},"content":{"rendered":"\n<p>L\u2019ASBL a vu le jour en janvier 2017 sous l\u2019impulsion de Tony Smets et de son \u00e9pouse, Emmanuelle Closquet, avec pour mission d\u2019offrir un refuge aux rapaces n\u00e9s en captivit\u00e9. Apr\u00e8s 5 ann\u00e9es de pers\u00e9v\u00e9rance, elle a obtenu son agr\u00e9ment en septembre 2022, devenant ainsi le seul refuge de ce type en Belgique. Malheureusement, en novembre de la m\u00eame ann\u00e9e, son pr\u00e9sident nous a quitt\u00e9s soudainement. En son honneur et pour le bien-\u00eatre de ses prot\u00e9g\u00e9s, le refuge poursuit son engagement avec d\u00e9termination, veillant chaque jour sur ses pensionnaires \u00e0 plumes.<br><br><strong>L&#8217;art de l&#8217;engagement, c&#8217;est de transformer nos r\u00eaves en actions et nos actions en impact.<\/strong><\/p>\n\n\n\n<p>Voici une photo de Sybie notre mascotte et oiseau de notre pr\u00e9sident.<\/p>\n\n\n<div class=\"wp-block-image\">\n<figure class=\"alignleft size-large is-resized\"><img loading=\"lazy\" decoding=\"async\" width=\"1024\" height=\"683\" src=\"https:\/\/actionrapaces.be\/wp-content\/uploads\/2025\/03\/e1676127-0e16-4eeb-912a-7c1686bfb9a0-1024x683.jpeg\" alt=\"\" class=\"wp-image-153\" style=\"width:358px;height:auto\" srcset=\"https:\/\/actionrapaces.be\/wp-content\/uploads\/2025\/03\/e1676127-0e16-4eeb-912a-7c1686bfb9a0-1024x683.jpeg 1024w, https:\/\/actionrapaces.be\/wp-content\/uploads\/2025\/03\/e1676127-0e16-4eeb-912a-7c1686bfb9a0-300x200.jpeg 300w, https:\/\/actionrapaces.be\/wp-content\/uploads\/2025\/03\/e1676127-0e16-4eeb-912a-7c1686bfb9a0-768x512.jpeg 768w, https:\/\/actionrapaces.be\/wp-content\/uploads\/2025\/03\/e1676127-0e16-4eeb-912a-7c1686bfb9a0-1536x1024.jpeg 1536w, https:\/\/actionrapaces.be\/wp-content\/uploads\/2025\/03\/e1676127-0e16-4eeb-912a-7c1686bfb9a0.jpeg 2048w\" sizes=\"auto, (max-width: 1024px) 100vw, 1024px\" \/><\/figure>\n<\/div>\n\n<div class=\"wp-block-image\">\n<figure class=\"alignleft size-large is-resized\"><img loading=\"lazy\" decoding=\"async\" width=\"1024\" height=\"678\" src=\"https:\/\/actionrapaces.be\/wp-content\/uploads\/2025\/03\/6939c7df-be65-455b-b10e-c122f3c68d11-1024x678.jpeg\" alt=\"\" class=\"wp-image-152\" style=\"width:360px;height:auto\" srcset=\"https:\/\/actionrapaces.be\/wp-content\/uploads\/2025\/03\/6939c7df-be65-455b-b10e-c122f3c68d11-1024x678.jpeg 1024w, https:\/\/actionrapaces.be\/wp-content\/uploads\/2025\/03\/6939c7df-be65-455b-b10e-c122f3c68d11-300x199.jpeg 300w, https:\/\/actionrapaces.be\/wp-content\/uploads\/2025\/03\/6939c7df-be65-455b-b10e-c122f3c68d11-768x509.jpeg 768w, https:\/\/actionrapaces.be\/wp-content\/uploads\/2025\/03\/6939c7df-be65-455b-b10e-c122f3c68d11.jpeg 1440w\" sizes=\"auto, (max-width: 1024px) 100vw, 1024px\" \/><\/figure>\n<\/div>\n\n\n<p><\/p>\n","protected":false},"excerpt":{"rendered":"<p>L\u2019ASBL a vu le jour en janvier 2017 sous l\u2019impulsion de Tony Smets et de son \u00e9pouse, Emmanuelle Closquet, avec pour mission d\u2019offrir un refuge aux rapaces n\u00e9s en captivit\u00e9. Apr\u00e8s 5 ann\u00e9es de pers\u00e9v\u00e9rance, elle a obtenu son agr\u00e9ment en septembre 2022, devenant ainsi le seul refuge de ce type en Belgique. Malheureusement, en&hellip; <a href=\"https:\/\/actionrapaces.be\/\" class=\"more-link\">Continue reading <span class=\"screen-reader-text\">Accueil<\/span><\/a><\/p>\n","protected":false},"author":1,"featured_media":0,"parent":0,"menu_order":0,"comment_status":"closed","ping_status":"open","template":"","meta":{"footnotes":""},"class_list":["post-2","page","type-page","status-publish","hentry","without-featured-image"],"_links":{"self":[{"href":"https:\/\/actionrapaces.be\/index.php\/wp-json\/wp\/v2\/pages\/2","targetHints":{"allow":["GET"]}}],"collection":[{"href":"https:\/\/actionrapaces.be\/index.php\/wp-json\/wp\/v2\/pages"}],"about":[{"href":"https:\/\/actionrapaces.be\/index.php\/wp-json\/wp\/v2\/types\/page"}],"author":[{"embeddable":true,"href":"https:\/\/actionrapaces.be\/index.php\/wp-json\/wp\/v2\/users\/1"}],"replies":[{"embeddable":true,"href":"https:\/\/actionrapaces.be\/index.php\/wp-json\/wp\/v2\/comments?post=2"}],"version-history":[{"count":12,"href":"https:\/\/actionrapaces.be\/index.php\/wp-json\/wp\/v2\/pages\/2\/revisions"}],"predecessor-version":[{"id":156,"href":"https:\/\/actionrapaces.be\/index.php\/wp-json\/wp\/v2\/pages\/2\/revisions\/156"}],"wp:attachment":[{"href":"https:\/\/actionrapaces.be\/index.php\/wp-json\/wp\/v2\/media?parent=2"}],"curies":[{"name":"wp","href":"https:\/\/api.w.org\/{rel}","templated":true}]}}