{"id":45,"date":"2025-02-28T17:19:36","date_gmt":"2025-02-28T16:19:36","guid":{"rendered":"https:\/\/actionrapaces.be\/?page_id=45"},"modified":"2025-03-12T19:01:49","modified_gmt":"2025-03-12T18:01:49","slug":"lasbl","status":"publish","type":"page","link":"https:\/\/actionrapaces.be\/index.php\/lasbl\/","title":{"rendered":"Nos missions"},"content":{"rendered":"\n<ul class=\"wp-block-list\">\n<li>Nous recueillons les rapaces sauvages bless\u00e9s et les orientons vers le CREAVES de Montegn\u00e9e ou celui d&#8217;Andenne. Attention, nous prenons uniquement en charge les rapaces.<br><\/li>\n\n\n\n<li>Nous menons des actions de sensibilisation, notamment en vous accueillant dans notre refuge sur r\u00e9servation. Nous intervenons \u00e9galement dans les \u00e9coles, maisons de repos, centres sp\u00e9cialis\u00e9s, ainsi que lors de stages extra-scolaires. De plus, nous proposons des activit\u00e9s sur demande.<br><\/li>\n\n\n\n<li>Nous travaillons en collaboration avec le CREAVES de Montegn\u00e9e et d&#8217;Andenne. Ainsi qu&#8217;avec le Bien \u00eatre de Fl\u00e9malle et Seraing.<\/li>\n<\/ul>\n\n\n\n<figure class=\"wp-block-image size-large\"><img loading=\"lazy\" decoding=\"async\" width=\"1024\" height=\"439\" src=\"https:\/\/actionrapaces.be\/wp-content\/uploads\/2025\/03\/Photo-mission-1024x439.jpg\" alt=\"\" class=\"wp-image-160\" srcset=\"https:\/\/actionrapaces.be\/wp-content\/uploads\/2025\/03\/Photo-mission-1024x439.jpg 1024w, https:\/\/actionrapaces.be\/wp-content\/uploads\/2025\/03\/Photo-mission-300x129.jpg 300w, https:\/\/actionrapaces.be\/wp-content\/uploads\/2025\/03\/Photo-mission-768x329.jpg 768w, https:\/\/actionrapaces.be\/wp-content\/uploads\/2025\/03\/Photo-mission-1536x659.jpg 1536w, https:\/\/actionrapaces.be\/wp-content\/uploads\/2025\/03\/Photo-mission.jpg 2000w\" sizes=\"auto, (max-width: 1024px) 100vw, 1024px\" \/><\/figure>\n","protected":false},"excerpt":{"rendered":"","protected":false},"author":2,"featured_media":0,"parent":0,"menu_order":0,"comment_status":"closed","ping_status":"closed","template":"","meta":{"footnotes":""},"class_list":["post-45","page","type-page","status-publish","hentry","without-featured-image"],"_links":{"self":[{"href":"https:\/\/actionrapaces.be\/index.php\/wp-json\/wp\/v2\/pages\/45","targetHints":{"allow":["GET"]}}],"collection":[{"href":"https:\/\/actionrapaces.be\/index.php\/wp-json\/wp\/v2\/pages"}],"about":[{"href":"https:\/\/actionrapaces.be\/index.php\/wp-json\/wp\/v2\/types\/page"}],"author":[{"embeddable":true,"href":"https:\/\/actionrapaces.be\/index.php\/wp-json\/wp\/v2\/users\/2"}],"replies":[{"embeddable":true,"href":"https:\/\/actionrapaces.be\/index.php\/wp-json\/wp\/v2\/comments?post=45"}],"version-history":[{"count":3,"href":"https:\/\/actionrapaces.be\/index.php\/wp-json\/wp\/v2\/pages\/45\/revisions"}],"predecessor-version":[{"id":161,"href":"https:\/\/actionrapaces.be\/index.php\/wp-json\/wp\/v2\/pages\/45\/revisions\/161"}],"wp:attachment":[{"href":"https:\/\/actionrapaces.be\/index.php\/wp-json\/wp\/v2\/media?parent=45"}],"curies":[{"name":"wp","href":"https:\/\/api.w.org\/{rel}","templated":true}]}}