{"id":48,"date":"2025-02-28T17:19:36","date_gmt":"2025-02-28T16:19:36","guid":{"rendered":"https:\/\/actionrapaces.be\/?page_id=48"},"modified":"2025-02-28T19:54:15","modified_gmt":"2025-02-28T18:54:15","slug":"nous-soutenir","status":"publish","type":"page","link":"https:\/\/actionrapaces.be\/index.php\/nous-soutenir\/","title":{"rendered":"Nous soutenir"},"content":{"rendered":"\n<p><strong>Un parrainage<\/strong><br>Vous \u00eates passionn\u00e9 par les rapaces et avez eu un v\u00e9ritable coup de c\u0153ur ? Pour nous soutenir, vous pouvez parrainer l\u2019un de nos prot\u00e9g\u00e9s avec un don mensuel, adapt\u00e9 \u00e0 votre budget. En \u00e9change, vous recevrez une photo de votre filleul et aurez l\u2019opportunit\u00e9 de venir le rencontrer lors de nos visites.<\/p>\n\n\n\n<p><strong>Pourquoi faire un don ?<\/strong><br><em>Nos d\u00e9penses mensuelles s\u2019\u00e9l\u00e8vent \u00e0 environ 450\u20ac pour la nourriture, sans compter les frais li\u00e9s \u00e0 la r\u00e9novation de nos installations, les soins v\u00e9t\u00e9rinaires et les impr\u00e9vus.<\/em><br><br><strong>Votre aide peut prendre plusieurs formes<\/strong> : un soutien financier, du mat\u00e9riel ou du sponsoring. Si vous \u00eates commer\u00e7ant et souhaitez nous soutenir par le biais du sponsoring, voici quelques articles dont nous avons besoin : piquets en bois, panneaux de bois marin, \u00e9crans de jardin, rouleaux de treillis, lampes solaires, gravier (pierres bleues), cam\u00e9ras solaires, ainsi que de la viande crue (tout sauf du porc).<\/p>\n\n\n\n<p class=\"has-text-align-center has-pale-ocean-gradient-background has-background has-medium-font-size\"><strong><strong>Voici notre num\u00e9ro de compte pour tout don : BE24 0018 0609 5338<\/strong><\/strong><\/p>\n\n\n\n<p><strong>N&#8217;h\u00e9sitez pas \u00e0 nous contacter si vous pouvez nous aider :<\/strong><\/p>\n\n\n\n<figure class=\"wp-block-image size-full is-resized\"><a href=\"https:\/\/actionrapaces.be\/index.php\/contact\/\"><img loading=\"lazy\" decoding=\"async\" width=\"312\" height=\"202\" src=\"https:\/\/actionrapaces.be\/wp-content\/uploads\/2025\/02\/Contact.png\" alt=\"\" class=\"wp-image-129\" style=\"width:181px;height:auto\" srcset=\"https:\/\/actionrapaces.be\/wp-content\/uploads\/2025\/02\/Contact.png 312w, https:\/\/actionrapaces.be\/wp-content\/uploads\/2025\/02\/Contact-300x194.png 300w\" sizes=\"auto, (max-width: 312px) 100vw, 312px\" \/><\/a><\/figure>\n","protected":false},"excerpt":{"rendered":"<p>Un parrainageVous \u00eates passionn\u00e9 par les rapaces et avez eu un v\u00e9ritable coup de c\u0153ur ? Pour nous soutenir, vous pouvez parrainer l\u2019un de nos prot\u00e9g\u00e9s avec un don mensuel, adapt\u00e9 \u00e0 votre budget. En \u00e9change, vous recevrez une photo de votre filleul et aurez l\u2019opportunit\u00e9 de venir le rencontrer lors de nos visites. Pourquoi&hellip; <a href=\"https:\/\/actionrapaces.be\/index.php\/nous-soutenir\/\" class=\"more-link\">Continue reading <span class=\"screen-reader-text\">Nous soutenir<\/span><\/a><\/p>\n","protected":false},"author":2,"featured_media":0,"parent":0,"menu_order":0,"comment_status":"closed","ping_status":"closed","template":"","meta":{"footnotes":""},"class_list":["post-48","page","type-page","status-publish","hentry","without-featured-image"],"_links":{"self":[{"href":"https:\/\/actionrapaces.be\/index.php\/wp-json\/wp\/v2\/pages\/48","targetHints":{"allow":["GET"]}}],"collection":[{"href":"https:\/\/actionrapaces.be\/index.php\/wp-json\/wp\/v2\/pages"}],"about":[{"href":"https:\/\/actionrapaces.be\/index.php\/wp-json\/wp\/v2\/types\/page"}],"author":[{"embeddable":true,"href":"https:\/\/actionrapaces.be\/index.php\/wp-json\/wp\/v2\/users\/2"}],"replies":[{"embeddable":true,"href":"https:\/\/actionrapaces.be\/index.php\/wp-json\/wp\/v2\/comments?post=48"}],"version-history":[{"count":9,"href":"https:\/\/actionrapaces.be\/index.php\/wp-json\/wp\/v2\/pages\/48\/revisions"}],"predecessor-version":[{"id":137,"href":"https:\/\/actionrapaces.be\/index.php\/wp-json\/wp\/v2\/pages\/48\/revisions\/137"}],"wp:attachment":[{"href":"https:\/\/actionrapaces.be\/index.php\/wp-json\/wp\/v2\/media?parent=48"}],"curies":[{"name":"wp","href":"https:\/\/api.w.org\/{rel}","templated":true}]}}