{"id":50,"date":"2025-02-28T17:19:36","date_gmt":"2025-02-28T16:19:36","guid":{"rendered":"https:\/\/actionrapaces.be\/?page_id=50"},"modified":"2025-04-29T23:30:24","modified_gmt":"2025-04-29T21:30:24","slug":"partenaires","status":"publish","type":"page","link":"https:\/\/actionrapaces.be\/index.php\/partenaires\/","title":{"rendered":"Partenaires"},"content":{"rendered":"\n<div class=\"wp-block-group is-nowrap is-layout-flex wp-container-core-group-is-layout-ad2f72ca wp-block-group-is-layout-flex\">\n<figure class=\"wp-block-image size-full is-resized\"><img loading=\"lazy\" decoding=\"async\" width=\"892\" height=\"921\" src=\"https:\/\/actionrapaces.be\/wp-content\/uploads\/2025\/04\/Logo-Digi-Creations.jpg\" alt=\"\" class=\"wp-image-250\" style=\"width:220px;height:auto\" srcset=\"https:\/\/actionrapaces.be\/wp-content\/uploads\/2025\/04\/Logo-Digi-Creations.jpg 892w, https:\/\/actionrapaces.be\/wp-content\/uploads\/2025\/04\/Logo-Digi-Creations-291x300.jpg 291w, https:\/\/actionrapaces.be\/wp-content\/uploads\/2025\/04\/Logo-Digi-Creations-768x793.jpg 768w\" sizes=\"auto, (max-width: 892px) 100vw, 892px\" \/><\/figure>\n\n\n\n<p><strong>Digi Cr\u00e9ations<\/strong> &#8211; <strong>Des cr\u00e9ations uniques, faites avec passion<\/strong><br>Passionn\u00e9e de cr\u00e9ation sous toutes ses formes, je r\u00e9alise des impressions 3D, objets en r\u00e9sine, broderies personnalis\u00e9es, souvenirs comm\u00e9moratifs et gravures sur bois, li\u00e8ge ou verre. Chaque projet est pens\u00e9 avec soin, pour offrir une pi\u00e8ce unique, porteuse de sens et d\u2019\u00e9motion \u2728<br>Lien vers <a href=\"https:\/\/www.facebook.com\/profile.php?id=61574121541260\">Facebook<\/a> et vers <a href=\"https:\/\/www.instagram.com\/digicreations1981\/\">Instagram<\/a> \u2764\ufe0f<br><a href=\"mailto:info@digicreations.be\">info@digicreations.be<\/a><\/p>\n<\/div>\n\n\n\n<div style=\"height:10px\" aria-hidden=\"true\" class=\"wp-block-spacer\"><\/div>\n\n\n<div class=\"wp-block-image\">\n<figure class=\"aligncenter size-large is-resized\"><img loading=\"lazy\" decoding=\"async\" width=\"1024\" height=\"226\" src=\"https:\/\/actionrapaces.be\/wp-content\/uploads\/2025\/04\/Banderole-1-1024x226.jpeg\" alt=\"\" class=\"wp-image-245\" style=\"width:571px;height:auto\" srcset=\"https:\/\/actionrapaces.be\/wp-content\/uploads\/2025\/04\/Banderole-1-1024x226.jpeg 1024w, https:\/\/actionrapaces.be\/wp-content\/uploads\/2025\/04\/Banderole-1-300x66.jpeg 300w, https:\/\/actionrapaces.be\/wp-content\/uploads\/2025\/04\/Banderole-1-768x170.jpeg 768w, https:\/\/actionrapaces.be\/wp-content\/uploads\/2025\/04\/Banderole-1-1536x340.jpeg 1536w, https:\/\/actionrapaces.be\/wp-content\/uploads\/2025\/04\/Banderole-1-2048x453.jpeg 2048w\" sizes=\"auto, (max-width: 1024px) 100vw, 1024px\" \/><\/figure>\n<\/div>\n\n\n<div style=\"height:10px\" aria-hidden=\"true\" class=\"wp-block-spacer\"><\/div>\n\n\n\n<div class=\"wp-block-group is-nowrap is-layout-flex wp-container-core-group-is-layout-ad2f72ca wp-block-group-is-layout-flex\">\n<figure class=\"wp-block-image size-full is-resized\"><img loading=\"lazy\" decoding=\"async\" width=\"855\" height=\"771\" src=\"https:\/\/actionrapaces.be\/wp-content\/uploads\/2025\/04\/Martini-Photo.jpg\" alt=\"\" class=\"wp-image-244\" style=\"width:166px;height:auto\" srcset=\"https:\/\/actionrapaces.be\/wp-content\/uploads\/2025\/04\/Martini-Photo.jpg 855w, https:\/\/actionrapaces.be\/wp-content\/uploads\/2025\/04\/Martini-Photo-300x271.jpg 300w, https:\/\/actionrapaces.be\/wp-content\/uploads\/2025\/04\/Martini-Photo-768x693.jpg 768w\" sizes=\"auto, (max-width: 855px) 100vw, 855px\" \/><\/figure>\n\n\n\n<p><strong>Martini Eric photography&nbsp;<\/strong><br>Passionn\u00e9 de photo en autodidacte en qu\u00eate d&#8217;apprendre et d&#8217;immortaliser vos \u00e9v\u00e8nements.<br>Voici le lien vers <a href=\"https:\/\/www.facebook.com\/MartiniEricphotography\/\">Facebook<\/a> et celui vers <a href=\"https:\/\/www.instagram.com\/martiniericphotography\/\">Instagram<\/a>.<br><a href=\"mailto:martininoche@live.be\">martininoche@live.be<\/a><\/p>\n<\/div>\n\n\n\n<div style=\"height:10px\" aria-hidden=\"true\" class=\"wp-block-spacer\"><\/div>\n\n\n<div class=\"wp-block-image\">\n<figure class=\"aligncenter size-large is-resized\"><img loading=\"lazy\" decoding=\"async\" width=\"1024\" height=\"226\" src=\"https:\/\/actionrapaces.be\/wp-content\/uploads\/2025\/04\/Banderole-2-1-1024x226.jpeg\" alt=\"\" class=\"wp-image-249\" style=\"width:565px;height:auto\" srcset=\"https:\/\/actionrapaces.be\/wp-content\/uploads\/2025\/04\/Banderole-2-1-1024x226.jpeg 1024w, https:\/\/actionrapaces.be\/wp-content\/uploads\/2025\/04\/Banderole-2-1-300x66.jpeg 300w, https:\/\/actionrapaces.be\/wp-content\/uploads\/2025\/04\/Banderole-2-1-768x170.jpeg 768w, https:\/\/actionrapaces.be\/wp-content\/uploads\/2025\/04\/Banderole-2-1-1536x340.jpeg 1536w, https:\/\/actionrapaces.be\/wp-content\/uploads\/2025\/04\/Banderole-2-1-2048x453.jpeg 2048w\" sizes=\"auto, (max-width: 1024px) 100vw, 1024px\" \/><\/figure>\n<\/div>\n\n\n<div style=\"height:10px\" aria-hidden=\"true\" class=\"wp-block-spacer\"><\/div>\n\n\n\n<div class=\"wp-block-group is-nowrap is-layout-flex wp-container-core-group-is-layout-ad2f72ca wp-block-group-is-layout-flex\">\n<figure class=\"wp-block-image size-large is-resized\"><img loading=\"lazy\" decoding=\"async\" width=\"1024\" height=\"738\" src=\"https:\/\/actionrapaces.be\/wp-content\/uploads\/2025\/04\/Animafolie2-1-1024x738.jpg\" alt=\"\" class=\"wp-image-248\" style=\"width:367px;height:auto\" srcset=\"https:\/\/actionrapaces.be\/wp-content\/uploads\/2025\/04\/Animafolie2-1-1024x738.jpg 1024w, https:\/\/actionrapaces.be\/wp-content\/uploads\/2025\/04\/Animafolie2-1-300x216.jpg 300w, https:\/\/actionrapaces.be\/wp-content\/uploads\/2025\/04\/Animafolie2-1-768x554.jpg 768w, https:\/\/actionrapaces.be\/wp-content\/uploads\/2025\/04\/Animafolie2-1.jpg 1097w\" sizes=\"auto, (max-width: 1024px) 100vw, 1024px\" \/><\/figure>\n\n\n\n<p><strong>AnimAFolie<\/strong><br>Bonjour \u00e0 tous les amoureux des animaux ! \ud83d\udc4b<br>Je suis Ang\u00e9lique, et ma passion pour leur bien-\u00eatre est le moteur de mon activit\u00e9 que j&#8217;ai nomm\u00e9 &#8216;AnimAFolie&#8217;. \ud83d\udc3e<br>Au-del\u00e0 des march\u00e9s artisanaux et salons d\u00e9di\u00e9s, je vous propose une solution pratique et saine : la livraison \u00e0 domicile d&#8217;aliments et friandises 100% naturels et sans bl\u00e9 pour chiens et chats. \ud83c\udf3f<\/p>\n<\/div>\n\n\n\n<p>Mais ce n&#8217;est pas tout ! Je suis aussi cr\u00e9atrice d&#8217;articles uniques et personnalis\u00e9s : poitrails sur mesure, manteaux de pluie styl\u00e9s, body confortables, pochettes \u00e0 friandises pratiques, jouets&#8230; et m\u00eame de jolies cr\u00e9ations pour vous, assorties \u00e0 votre passion (sacs, tabliers, d\u00e9co&#8230;). Chaque pi\u00e8ce est confectionn\u00e9e avec amour et des tissus \u00e0 motifs chiens\/chats adorables. Mon engagement ? Offrir le meilleur \u00e0 vos compagnons et vous faire plaisir avec des cr\u00e9ations originales. \u2764\ufe0f<br>Lien vers <a href=\"https:\/\/www.facebook.com\/AngelAnimAFolie\">Facebook<\/a>, vers <a href=\"https:\/\/www.instagram.com\/animafolie\/\">Instagram<\/a> et la <a href=\"https:\/\/animafolie.sumupstore.com\/?fbclid=IwY2xjawJ-IH5leHRuA2FlbQIxMABicmlkETFhUW44ZjVyeTkzaHBaSG5qAR4zBmNo3OaYf2WO656fysSs7Kez7LjjYxrBY8lXxkLqI-M0WcrqtOJr_z_xuw_aem_VrYme6Mqj-4EdM36jeCj9w\">boutique en ligne<\/a><br><a href=\"mailto:animafolie.angel@gmail.com\">animafolie.angel@gmail.com<\/a><\/p>\n","protected":false},"excerpt":{"rendered":"<p>Digi Cr\u00e9ations &#8211; Des cr\u00e9ations uniques, faites avec passionPassionn\u00e9e de cr\u00e9ation sous toutes ses formes, je r\u00e9alise des impressions 3D, objets en r\u00e9sine, broderies personnalis\u00e9es, souvenirs comm\u00e9moratifs et gravures sur bois, li\u00e8ge ou verre. Chaque projet est pens\u00e9 avec soin, pour offrir une pi\u00e8ce unique, porteuse de sens et d\u2019\u00e9motion \u2728Lien vers Facebook et vers&hellip; <a href=\"https:\/\/actionrapaces.be\/index.php\/partenaires\/\" class=\"more-link\">Continue reading <span class=\"screen-reader-text\">Partenaires<\/span><\/a><\/p>\n","protected":false},"author":2,"featured_media":0,"parent":0,"menu_order":0,"comment_status":"closed","ping_status":"closed","template":"","meta":{"footnotes":""},"class_list":["post-50","page","type-page","status-publish","hentry","without-featured-image"],"_links":{"self":[{"href":"https:\/\/actionrapaces.be\/index.php\/wp-json\/wp\/v2\/pages\/50","targetHints":{"allow":["GET"]}}],"collection":[{"href":"https:\/\/actionrapaces.be\/index.php\/wp-json\/wp\/v2\/pages"}],"about":[{"href":"https:\/\/actionrapaces.be\/index.php\/wp-json\/wp\/v2\/types\/page"}],"author":[{"embeddable":true,"href":"https:\/\/actionrapaces.be\/index.php\/wp-json\/wp\/v2\/users\/2"}],"replies":[{"embeddable":true,"href":"https:\/\/actionrapaces.be\/index.php\/wp-json\/wp\/v2\/comments?post=50"}],"version-history":[{"count":8,"href":"https:\/\/actionrapaces.be\/index.php\/wp-json\/wp\/v2\/pages\/50\/revisions"}],"predecessor-version":[{"id":261,"href":"https:\/\/actionrapaces.be\/index.php\/wp-json\/wp\/v2\/pages\/50\/revisions\/261"}],"wp:attachment":[{"href":"https:\/\/actionrapaces.be\/index.php\/wp-json\/wp\/v2\/media?parent=50"}],"curies":[{"name":"wp","href":"https:\/\/api.w.org\/{rel}","templated":true}]}}